
{"id":4350,"date":"2024-08-23T03:53:41","date_gmt":"2024-08-23T03:53:41","guid":{"rendered":"https:\/\/slategrey-clam-517275.hostingersite.com\/?page_id=4350"},"modified":"2025-11-25T17:44:00","modified_gmt":"2025-11-25T17:44:00","slug":"eventos","status":"publish","type":"page","link":"https:\/\/abreme.com.br\/?page_id=4350","title":{"rendered":"Eventos"},"content":{"rendered":"\t\t<div data-elementor-type=\"wp-page\" data-elementor-id=\"4350\" class=\"elementor elementor-4350\">\n\t\t\t\t<div class=\"elementor-element elementor-element-5040364 e-flex e-con-boxed wpr-particle-no wpr-jarallax-no wpr-parallax-no wpr-sticky-section-no wpr-equal-height-no e-con e-parent\" data-id=\"5040364\" data-element_type=\"container\">\n\t\t\t\t\t<div class=\"e-con-inner\">\n\t\t<div class=\"elementor-element elementor-element-1829c4c e-con-full e-flex wpr-particle-no wpr-jarallax-no wpr-parallax-no wpr-sticky-section-no wpr-equal-height-no e-con e-child\" data-id=\"1829c4c\" data-element_type=\"container\">\n\t\t\t\t<div class=\"elementor-element elementor-element-9fd455e elementor-widget elementor-widget-heading\" data-id=\"9fd455e\" data-element_type=\"widget\" data-widget_type=\"heading.default\">\n\t\t\t\t<div class=\"elementor-widget-container\">\n\t\t\t\t\t<h2 class=\"elementor-heading-title elementor-size-default\">Abril de 2021 \u2013 Campanha Solid\u00e1ria ABREME \u2013 Em prol das fam\u00edlias em situa\u00e7\u00e3o de vulnerabilidade<\/h2>\t\t\t\t<\/div>\n\t\t\t\t<\/div>\n\t\t\t\t<\/div>\n\t\t<div class=\"elementor-element elementor-element-77ac054 e-con-full e-flex wpr-particle-no wpr-jarallax-no wpr-parallax-no wpr-sticky-section-no wpr-equal-height-no e-con e-child\" data-id=\"77ac054\" data-element_type=\"container\">\n\t\t\t\t<div class=\"elementor-element elementor-element-0fadf3a elementor-widget elementor-widget-image\" data-id=\"0fadf3a\" data-element_type=\"widget\" data-widget_type=\"image.default\">\n\t\t\t\t<div class=\"elementor-widget-container\">\n\t\t\t\t\t\t\t\t\t\t\t\t\t\t\t<img fetchpriority=\"high\" decoding=\"async\" width=\"750\" height=\"750\" src=\"https:\/\/abreme.com.br\/wp-content\/uploads\/2024\/08\/Campanha-Solidaria-Abreme.png\" class=\"attachment-medium_large size-medium_large wp-image-5084\" alt=\"\" srcset=\"https:\/\/abreme.com.br\/wp-content\/uploads\/2024\/08\/Campanha-Solidaria-Abreme.png 750w, https:\/\/abreme.com.br\/wp-content\/uploads\/2024\/08\/Campanha-Solidaria-Abreme-300x300.png 300w, https:\/\/abreme.com.br\/wp-content\/uploads\/2024\/08\/Campanha-Solidaria-Abreme-150x150.png 150w, https:\/\/abreme.com.br\/wp-content\/uploads\/2024\/08\/Campanha-Solidaria-Abreme-600x600.png 600w, https:\/\/abreme.com.br\/wp-content\/uploads\/2024\/08\/Campanha-Solidaria-Abreme-649x649.png 649w\" sizes=\"(max-width: 750px) 100vw, 750px\" \/>\t\t\t\t\t\t\t\t\t\t\t\t\t\t\t<\/div>\n\t\t\t\t<\/div>\n\t\t\t\t<\/div>\n\t\t\t\t\t<\/div>\n\t\t\t\t<\/div>\n\t\t<div class=\"elementor-element elementor-element-54d4363 e-flex e-con-boxed wpr-particle-no wpr-jarallax-no wpr-parallax-no wpr-sticky-section-no wpr-equal-height-no e-con e-parent\" data-id=\"54d4363\" data-element_type=\"container\">\n\t\t\t\t\t<div class=\"e-con-inner\">\n\t\t\t\t<div class=\"elementor-element elementor-element-07db435 elementor-widget elementor-widget-heading\" data-id=\"07db435\" data-element_type=\"widget\" data-widget_type=\"heading.default\">\n\t\t\t\t<div class=\"elementor-widget-container\">\n\t\t\t\t\t<h2 class=\"elementor-heading-title elementor-size-default\">CAMPANHA ABREME SOLID\u00c1RIA\n<\/h2>\t\t\t\t<\/div>\n\t\t\t\t<\/div>\n\t\t\t\t<div class=\"elementor-element elementor-element-1620e68 elementor-widget elementor-widget-text-editor\" data-id=\"1620e68\" data-element_type=\"widget\" data-widget_type=\"text-editor.default\">\n\t\t\t\t<div class=\"elementor-widget-container\">\n\t\t\t\t\t\t\t\t\t<div dir=\"auto\">A Campanha Abreme Solid\u00e1ria continua sendo um sucesso! At\u00e9 o momento muitas fam\u00edlias j\u00e1 foram beneficiadas.<\/div><div dir=\"auto\">\u00a0<\/div><div dir=\"auto\"><strong>At\u00e9 o dia 04 de maio<\/strong>\u00a0haviam sido arrecadadas\u00a0<strong>1.204<\/strong>\u00a0(hum mil duzentos e quatro)\u00a0<strong>cestas b\u00e1sicas<\/strong>, o que representa aproximadamente\u00a0<strong>25.284 toneladas de alimentos<\/strong>.\ud83d\ude42<\/div><p dir=\"auto\"><strong>O prazo para participar se encerra em 5 de maio de 2021.\u00a0<\/strong><\/p><h2 dir=\"auto\">Veja quem j\u00e1 contribuiu com nossa Campanha:<\/h2><div dir=\"auto\"><strong><u>DISTRIBUIDORES QUE DOARAM:<\/u><\/strong><\/div><p>\u2013 BERTEL\u00a0COMERCIAL EL\u00c9TRICA LTDA<\/p><p>\u2013 CROSSFOX\u00a0COM\u00c9RCIO DE CONDUTORES EL\u00c9TRICOS LTDA<\/p><p>\u2013 GRUPO MATER<\/p><p>\u2013 GRUPO SONEPAR<\/p><p>\u2013 MAXEL MATERIAIS EL\u00c9TRICOS LTDA<\/p><p>\u2013 META MATERIAIS EL\u00c9TRICOS LTDA<\/p><p>\u2013 PLENOBR\u00c1S\u00a0DISTRIBUIDORA EL\u00c9TRICA E HIDRAULICA LTDA<\/p><p>\u2013 PORTAL\u00a0COMERCIAL EL\u00c9TRICA LTDA<\/p><p>\u2013 SANTIL ELETRO SANTA IFIG\u00caNIA C.M.E LTDA<\/p><p><strong><u>FABRICANTES QUE DOARAM<\/u><\/strong><\/p><p>\u2013 BUILDING INDUSTRIAL DE CONECTORES LTDA (B-LUX TOMADAS E INTERRUPTORES)<\/p><p>\u2013 GRUPO SIMON<\/p><p>\u2013\u00a0IFC \u2013 IND\u00daSTRIA E COM\u00c9RCIO DE CONDUTORES EL\u00c9TRICOS LTDA (COBRECOM)<\/p><p>\u2013 KIAN IMPORTA\u00c7\u00c3O LTDA<\/p><p>\u2013 LEDVANCE BRASIL<\/p><p>\u2013 LEGRAND<\/p><p>\u2013\u00a0NAVILLE ILUMINA\u00c7AO LTDA<\/p><p>\u2013 OUROLUX COMERCIAL LTDA<\/p><p>\u2013\u00a0SCHNEIDER ELECTRIC BRASIL LTDA<\/p><p>\u2013\u00a0STECK IND\u00daSTRIA EL\u00c9TRICA LTDA<\/p><div dir=\"auto\">\u00a0<\/div><div dir=\"auto\">Confira\u00a0<strong>abaixo mais detalhes da Campanha Solid\u00e1ria ABREME<\/strong>, e\u00a0<strong>descubra como voc\u00ea pode ajudar<\/strong>:\u00a0<\/div><h2 align=\"justify\">\u00a0<\/h2><h2 align=\"justify\"><strong>Por que fizemos essa campanha?<\/strong><\/h2><p align=\"justify\">Visando apoiar as fam\u00edlias em situa\u00e7\u00e3o de vulnerabilidade, num momento onde a situa\u00e7\u00e3o de fome e mis\u00e9ria tem se agravado profundamente devido ao Covid-19, a ABREME lan\u00e7a a\u00a0CAMPANHA ABREME SOLID\u00c1RIA e estamos trabalhando na capta\u00e7\u00e3o de cestas b\u00e1sicas de alimentos para doa\u00e7\u00e3o.<\/p><p><b>Para apoiar nossa Campanha \u00e9 muito simples, basta seguir o passo-a-passo conforme abaixo:<\/b><\/p><p>1)\u00a0A(s) cesta(s)\u00a0pode(m) ser adquirida(s)\u00a0na empresa Calvo, o valor de cada cesta \u00e9 de R$121,00 (cento e vinte e um reais) \u2013\u00a0<a href=\"https:\/\/abreme.com.br\/wp-content\/uploads\/2024\/08\/Proposta_1011.pdf\">Clique aqui<\/a>\u00a0e conhe\u00e7a todos os itens que comp\u00f5em a cesta b\u00e1sica da campanha<\/p><p>2) Entrar em contato com o Sr. Mello Tomazin, da empresa Calvo, pelos telefones, (11) 2942-3467 ramal 163 ou pelo celular (11) 97360-4070<\/p><p align=\"justify\">3) Dizer que quer comprar cestas para doa\u00e7\u00e3o da campanha \u201cABREME SOLID\u00c1RIA\u201d<\/p><p align=\"justify\">4) O Sr. Mello cuidar\u00e1 da venda, da emiss\u00e3o de Nota Fiscal e da entrega das cestas para a ABREME;<\/p><p align=\"justify\">5) A Empresa Calvo trabalha com os\u00a0Bancos Bradesco, Ita\u00fa e do Brasil\u00a0<\/p><p align=\"justify\">6) Posteriormente divulgaremos a quantidade de cestas que foram captadas e quais foram as institui\u00e7\u00f5es beneficiadas.<\/p><p>Contamos com a uni\u00e3o e a solidariedade de todos, pois somente assim conseguiremos levar alimentos para o maior n\u00famero de fam\u00edlias poss\u00edvel e saciar a fome de quem n\u00e3o tem o que comer.\u00a0Em caso de d\u00favidas, pedimos a gentileza de contatarem a ABREME pelos telefones:\u00a0(11) 5077-4140 \/ 5077-2928 \/ 5077-1817\u00a0Juntos somos mais fortes!<\/p>\t\t\t\t\t\t\t\t<\/div>\n\t\t\t\t<\/div>\n\t\t\t\t\t<\/div>\n\t\t\t\t<\/div>\n\t\t\t\t<\/div>\n\t\t","protected":false},"excerpt":{"rendered":"<p>Abril de 2021 \u2013 Campanha Solid\u00e1ria ABREME \u2013 Em prol das fam\u00edlias em situa\u00e7\u00e3o de vulnerabilidade CAMPANHA ABREME SOLID\u00c1RIA A Campanha Abreme Solid\u00e1ria continua sendo um sucesso! At\u00e9 o momento muitas fam\u00edlias j\u00e1 foram beneficiadas.\u00a0At\u00e9 o dia 04 de maio\u00a0haviam sido arrecadadas\u00a01.204\u00a0(hum mil duzentos e quatro)\u00a0cestas b\u00e1sicas, o que representa aproximadamente\u00a025.284 toneladas de alimentos.&#x1f642; O prazo para participar se encerra em 5 de maio de 2021.\u00a0 Veja quem j\u00e1 contribuiu com nossa Campanha: DISTRIBUIDORES QUE DOARAM: \u2013 BERTEL\u00a0COMERCIAL EL\u00c9TRICA LTDA \u2013 CROSSFOX\u00a0COM\u00c9RCIO DE CONDUTORES EL\u00c9TRICOS LTDA \u2013 GRUPO MATER \u2013 GRUPO SONEPAR \u2013 MAXEL MATERIAIS EL\u00c9TRICOS LTDA \u2013 META MATERIAIS EL\u00c9TRICOS LTDA \u2013 PLENOBR\u00c1S\u00a0DISTRIBUIDORA EL\u00c9TRICA E HIDRAULICA LTDA \u2013 PORTAL\u00a0COMERCIAL EL\u00c9TRICA LTDA \u2013 SANTIL ELETRO SANTA IFIG\u00caNIA C.M.E LTDA FABRICANTES QUE DOARAM \u2013 BUILDING INDUSTRIAL DE CONECTORES LTDA (B-LUX TOMADAS E INTERRUPTORES) \u2013 GRUPO SIMON \u2013\u00a0IFC \u2013 IND\u00daSTRIA E COM\u00c9RCIO DE CONDUTORES EL\u00c9TRICOS LTDA (COBRECOM) \u2013 KIAN IMPORTA\u00c7\u00c3O LTDA \u2013 LEDVANCE BRASIL \u2013 LEGRAND \u2013\u00a0NAVILLE ILUMINA\u00c7AO LTDA \u2013 OUROLUX COMERCIAL LTDA \u2013\u00a0SCHNEIDER ELECTRIC BRASIL LTDA \u2013\u00a0STECK IND\u00daSTRIA EL\u00c9TRICA LTDA \u00a0Confira\u00a0abaixo mais detalhes da Campanha Solid\u00e1ria ABREME, e\u00a0descubra como voc\u00ea pode ajudar:\u00a0 \u00a0 Por que fizemos essa campanha? Visando apoiar as fam\u00edlias em situa\u00e7\u00e3o de vulnerabilidade, num momento onde a situa\u00e7\u00e3o de fome e mis\u00e9ria tem se agravado profundamente devido ao Covid-19, a ABREME lan\u00e7a a\u00a0CAMPANHA ABREME SOLID\u00c1RIA e estamos trabalhando na capta\u00e7\u00e3o de cestas b\u00e1sicas de alimentos para doa\u00e7\u00e3o. Para apoiar nossa Campanha \u00e9 muito simples, basta seguir o passo-a-passo conforme abaixo: 1)\u00a0A(s) cesta(s)\u00a0pode(m) ser adquirida(s)\u00a0na empresa Calvo, o valor de cada cesta \u00e9 de R$121,00 (cento e vinte e um reais) \u2013\u00a0Clique aqui\u00a0e conhe\u00e7a todos os itens que comp\u00f5em a cesta b\u00e1sica da campanha 2) Entrar em contato com o Sr. Mello Tomazin, da empresa Calvo, pelos telefones, (11) 2942-3467 ramal 163 ou pelo celular (11) 97360-4070 3) Dizer que quer comprar cestas para doa\u00e7\u00e3o da campanha \u201cABREME SOLID\u00c1RIA\u201d 4) O Sr. Mello cuidar\u00e1 da venda, da emiss\u00e3o de Nota Fiscal e da entrega das cestas para a ABREME; 5) A Empresa Calvo trabalha com os\u00a0Bancos Bradesco, Ita\u00fa e do Brasil\u00a0 6) Posteriormente divulgaremos a quantidade de cestas que foram captadas e quais foram as institui\u00e7\u00f5es beneficiadas. Contamos com a uni\u00e3o e a solidariedade de todos, pois somente assim conseguiremos levar alimentos para o maior n\u00famero de fam\u00edlias poss\u00edvel e saciar a fome de quem n\u00e3o tem o que comer.\u00a0Em caso de d\u00favidas, pedimos a gentileza de contatarem a ABREME pelos telefones:\u00a0(11) 5077-4140 \/ 5077-2928 \/ 5077-1817\u00a0Juntos somos mais fortes!<\/p>\n","protected":false},"author":1,"featured_media":0,"parent":0,"menu_order":0,"comment_status":"closed","ping_status":"closed","template":"","meta":{"site-sidebar-layout":"no-sidebar","site-content-layout":"","ast-site-content-layout":"full-width-container","site-content-style":"default","site-sidebar-style":"default","ast-global-header-display":"","ast-banner-title-visibility":"","ast-main-header-display":"","ast-hfb-above-header-display":"","ast-hfb-below-header-display":"","ast-hfb-mobile-header-display":"","site-post-title":"disabled","ast-breadcrumbs-content":"","ast-featured-img":"disabled","footer-sml-layout":"","ast-disable-related-posts":"","theme-transparent-header-meta":"","adv-header-id-meta":"","stick-header-meta":"","header-above-stick-meta":"","header-main-stick-meta":"","header-below-stick-meta":"","astra-migrate-meta-layouts":"default","ast-page-background-enabled":"default","ast-page-background-meta":{"desktop":{"background-color":"var(--ast-global-color-4)","background-image":"","background-repeat":"repeat","background-position":"center center","background-size":"auto","background-attachment":"scroll","background-type":"","background-media":"","overlay-type":"","overlay-color":"","overlay-opacity":"","overlay-gradient":""},"tablet":{"background-color":"","background-image":"","background-repeat":"repeat","background-position":"center center","background-size":"auto","background-attachment":"scroll","background-type":"","background-media":"","overlay-type":"","overlay-color":"","overlay-opacity":"","overlay-gradient":""},"mobile":{"background-color":"","background-image":"","background-repeat":"repeat","background-position":"center center","background-size":"auto","background-attachment":"scroll","background-type":"","background-media":"","overlay-type":"","overlay-color":"","overlay-opacity":"","overlay-gradient":""}},"ast-content-background-meta":{"desktop":{"background-color":"var(--ast-global-color-5)","background-image":"","background-repeat":"repeat","background-position":"center center","background-size":"auto","background-attachment":"scroll","background-type":"","background-media":"","overlay-type":"","overlay-color":"","overlay-opacity":"","overlay-gradient":""},"tablet":{"background-color":"var(--ast-global-color-5)","background-image":"","background-repeat":"repeat","background-position":"center center","background-size":"auto","background-attachment":"scroll","background-type":"","background-media":"","overlay-type":"","overlay-color":"","overlay-opacity":"","overlay-gradient":""},"mobile":{"background-color":"var(--ast-global-color-5)","background-image":"","background-repeat":"repeat","background-position":"center center","background-size":"auto","background-attachment":"scroll","background-type":"","background-media":"","overlay-type":"","overlay-color":"","overlay-opacity":"","overlay-gradient":""}},"footnotes":""},"class_list":["post-4350","page","type-page","status-publish","hentry"],"_links":{"self":[{"href":"https:\/\/abreme.com.br\/index.php?rest_route=\/wp\/v2\/pages\/4350","targetHints":{"allow":["GET"]}}],"collection":[{"href":"https:\/\/abreme.com.br\/index.php?rest_route=\/wp\/v2\/pages"}],"about":[{"href":"https:\/\/abreme.com.br\/index.php?rest_route=\/wp\/v2\/types\/page"}],"author":[{"embeddable":true,"href":"https:\/\/abreme.com.br\/index.php?rest_route=\/wp\/v2\/users\/1"}],"replies":[{"embeddable":true,"href":"https:\/\/abreme.com.br\/index.php?rest_route=%2Fwp%2Fv2%2Fcomments&post=4350"}],"version-history":[{"count":9,"href":"https:\/\/abreme.com.br\/index.php?rest_route=\/wp\/v2\/pages\/4350\/revisions"}],"predecessor-version":[{"id":6051,"href":"https:\/\/abreme.com.br\/index.php?rest_route=\/wp\/v2\/pages\/4350\/revisions\/6051"}],"wp:attachment":[{"href":"https:\/\/abreme.com.br\/index.php?rest_route=%2Fwp%2Fv2%2Fmedia&parent=4350"}],"curies":[{"name":"wp","href":"https:\/\/api.w.org\/{rel}","templated":true}]}}